{"id":674,"date":"2022-04-11T10:13:28","date_gmt":"2022-04-11T15:13:28","guid":{"rendered":"https:\/\/medicount.com\/?page_id=674"},"modified":"2026-02-20T15:54:38","modified_gmt":"2026-02-20T20:54:38","slug":"patient-services-backup","status":"publish","type":"page","link":"https:\/\/medicount.com\/es\/patient-services-backup\/","title":{"rendered":"Patient Services backup"},"content":{"rendered":"<div class=\"wpb-content-wrapper\"><div class=\"vc_row wpb_row vc_row-fluid vc_custom_1771619009414 vc_row-has-fill\"><div class=\"wpb_column vc_column_container vc_col-sm-12\"><div class=\"vc_column-inner\"><div class=\"wpb_wrapper\">\n\t<div class=\"wpb_text_column wpb_content_element\" >\n\t\t<div class=\"wpb_wrapper\">\n\t\t\t<\/p>\n<p style=\"text-align: center;\"><img loading=\"lazy\" decoding=\"async\" class=\"size-full wp-image-238 aligncenter\" src=\"https:\/\/medicount.com\/wp-content\/uploads\/2015\/04\/Arrow.png\" alt=\"Arrow\" width=\"40\" height=\"15\" \/><\/p>\n<p>\n\n\n\t\t<\/div>\n\t<\/div>\n<\/div><\/div><\/div><\/div><div class=\"vc_row wpb_row vc_row-fluid vc_custom_1771619027573\"><div class=\"wpb_column vc_column_container vc_col-sm-6\"><div class=\"vc_column-inner\"><div class=\"wpb_wrapper\">\n\t<div class=\"wpb_text_column wpb_content_element\" >\n\t\t<div class=\"wpb_wrapper\">\n\t\t\t<\/p>\n<h2><span style=\"color: #5c666f;\">SERVICIOS AL PACIENTE<\/span><\/h2>\n<p>\n\n\n\t\t<\/div>\n\t<\/div>\n<\/div><\/div><\/div><div class=\"wpb_column vc_column_container vc_col-sm-6\"><div class=\"vc_column-inner\"><div class=\"wpb_wrapper\">\n\t<div class=\"wpb_text_column wpb_content_element\" >\n\t\t<div class=\"wpb_wrapper\">\n\t\t\t<p><hr  class=\"x-gap\" style=\"margin: 30px 0 0 0;\"><p><a  class=\"x-btn x-btn-square x-btn-regular alignleft\"  href=\"https:\/\/www.patientnotebook.com\/MedicountManagement\/\" title=\"Realizar un pago\"    data-options=\"thumbnail: ''\">Realizar un pago<\/a> <a  class=\"x-btn x-btn-square x-btn-regular alignleft\"  href=\"https:\/\/medicount.com\/es\/patient-transport-insurance-information-form\/\" title=\"\u00bfPreguntas para nuestros facturadores?\"    data-options=\"thumbnail: ''\">Formulario de registro\/informaci\u00f3n de seguro<\/a><\/p>\n<\/p>\n\n\t\t<\/div>\n\t<\/div>\n<\/div><\/div><\/div><\/div><div class=\"vc_row wpb_row vc_row-fluid vc_custom_1771619045960\"><div class=\"wpb_column vc_column_container vc_col-sm-12\"><div class=\"vc_column-inner\"><div class=\"wpb_wrapper\">\n\t<div class=\"wpb_text_column wpb_content_element\" >\n\t\t<div class=\"wpb_wrapper\">\n\t\t\t<h4>The Leading EMS Billing Provider in the Mid\u2013West.<\/h4>\n<p>Medicount Management, Inc. is your local municipality\u2019s Emergency Medical Services billing agent for ambulance transports for you or a family member. Medicount submits your transport claims to commercial and governmental providers for Accident and Health Insurance payment on your behalf. \u00a0Please contact us\u00a0if you have any questions. You may send us your health insurance information directly by clicking on the Registration\/Insurance Information Form below.<\/p>\n<ul  class=\"x-block-grid two-up\" ><li  class=\"x-block-grid-item\" >FORMULARIOS EN L\u00cdNEA<\/p>\n<p><a  class=\"x-btn x-btn-rounded x-btn-small\"  href=\"https:\/\/medicount.com\/es\/patient-transport-insurance-information-form\/\" title=\"Registration\/Insurance Information Form\" target=\"_blank\" rel=\"noopener noreferrer\"   data-options=\"thumbnail: ''\">Formulario de registro\/informaci\u00f3n de seguro<\/a> (solo completa el formulario &amp; haz clic en Enviar)<\/p>\n<p><a  class=\"x-btn x-btn-rounded x-btn-small\"  href=\"https:\/\/webtectonics.wufoo.com\/forms\/q1a6auzk1m1wp90\/\" title=\"Solicitud de Dificultad Financier \"    data-options=\"thumbnail: ''\">Solicitud de Dificultad Financier <\/a> or <a href=\"https:\/\/medicount.com\/wp-content\/uploads\/2019\/07\/Application-Request-Hardship-070519.docx\">Formulario de autorizaci\u00f3n HIPAA o descargue el formulario para enviarlo por fax o correo postal.<\/a><\/p>\n<p><a  class=\"x-btn x-btn-rounded x-btn-small\"  href=\"https:\/\/medicount.com\/wp-content\/uploads\/2018\/04\/Hardship_Waiver_Request_Translated_Spa-042018.pdf\" title=\"Solicitud de Dificultades Financieras\"    data-options=\"thumbnail: ''\">Solicitud de Dificultades Financieras<\/a> or <a href=\"https:\/\/medicount.com\/wp-content\/uploads\/2018\/04\/Hardship_Waiver_Request_Translated_Spa-042018.pdf\">descargar formulario<\/a><\/p>\n<p><a  class=\"x-btn x-btn-rounded x-btn-small\"  href=\"https:\/\/medicount.com\/es\/patient-services\/#billers\" title=\"\u00bfPreguntas para nuestros facturadores?\"    data-options=\"thumbnail: ''\">\u00bfPreguntas para nuestros facturadores?<\/a><\/li><li  class=\"x-block-grid-item\" >Enlaces a seguros financiados por el estado para pacientes de bajos ingresos<\/p>\n<ul>\n<li><a class=\"blue\" href=\"http:\/\/medicaid.ohio.gov\/\" target=\"_blank\" rel=\"noopener noreferrer\">1. Departamento de Servicios de Empleo y Familia de Ohio<\/a><\/li>\n<li><a class=\"blue\" href=\"http:\/\/chfs.ky.gov\/dms\/Eligibility.htm\" target=\"_blank\" rel=\"noopener noreferrer\">2. Gabinete de Salud y Servicios Familiares de Kentucky<\/a><\/li>\n<li><a class=\"blue\" href=\"http:\/\/member.indianamedicaid.com\/am-i-eligible.aspx\" target=\"_blank\" rel=\"noopener noreferrer\">3. Servicios Familiares y Sociales de Indiana<\/a><\/li>\n<li><a class=\"blue\" href=\"http:\/\/www.michigan.gov\/mdch\/0,4612,7-132-2943_4860---,00.html\" target=\"_blank\" rel=\"noopener noreferrer\">Departamento de Salud Comunitaria de Michigan<\/a><\/li>\n<\/ul>\n<p><\/li><li  class=\"x-block-grid-item\" >Contactenos<\/p>\n<p>Tel\u00e9fono<br \/>\n<span style=\"color: #94d500;\">888.410.6986<\/span><\/li><\/ul><hr  class=\"x-gap\" style=\"margin: 40px 0 0 0;\"><\/p>\n\n\t\t<\/div>\n\t<\/div>\n<\/div><\/div><\/div><\/div><div class=\"vc_row wpb_row vc_row-fluid vc_custom_1771619060380 vc_row-has-fill\"><div class=\"wpb_column vc_column_container vc_col-sm-12\"><div class=\"vc_column-inner\"><div class=\"wpb_wrapper\">\n\t<div class=\"wpb_text_column wpb_content_element\" >\n\t\t<div class=\"wpb_wrapper\">\n\t\t\t<p><hr  class=\"x-gap\" style=\"margin: 10px 0 0 0;\"><\/p>\n<h6 style=\"text-align: center;\"><span style=\"color: #ffffff;\">Mandenos correo <a href=\"mailto:ptrelations@medicount.com\">ptrelations@medicount.com<\/a><\/span><\/h6>\n<p>\n<hr  class=\"x-gap\" style=\"margin: 30px 0 0 0;\"><\/p>\n\n\t\t<\/div>\n\t<\/div>\n<\/div><\/div><\/div><\/div><div class=\"vc_row wpb_row vc_row-fluid vc_custom_1771619193634\"><div class=\"wpb_column vc_column_container vc_col-sm-12\"><div class=\"vc_column-inner\"><div class=\"wpb_wrapper\">\n\t<div class=\"wpb_text_column wpb_content_element\" >\n\t\t<div class=\"wpb_wrapper\">\n\t\t\t<p><hr  class=\"x-gap\" style=\"margin: 40px 0 0 0;\"><p>Medicount mantiene medidas de seguridad fisicas, electr\u00f3nicas &amp; procedimentales para proteger su informaci\u00f3n personal no p\u00fablica. Nuestros sistemas operativos &amp; de procesamiento de datos se encuentran en un entorno seguro con control de acceso. Para garantizar la confidencialidad de las comunicaciones entre su computadora &amp; nuestros servidores web, hemos implementado certificados digitales &amp; habilitado un potente cifrado RSA de 1024 bits. Utilizamos el protocolo de seguridad Secure Socket Layer (SSL) para proteger todos los intercambios de informaci\u00f3n a trav\u00e9s de nuestros sitios web que se consideran privados o confidenciales.<\/p>\n<hr  class=\"x-gap\" style=\"margin: 40px 0 0 0;\"><\/p>\n\n\t\t<\/div>\n\t<\/div>\n<\/div><\/div><\/div><\/div><div class=\"vc_row wpb_row vc_row-fluid vc_custom_1771619151879 vc_row-has-fill\"><div class=\"wpb_column vc_column_container vc_col-sm-12\"><div class=\"vc_column-inner\"><div class=\"wpb_wrapper\">\n\t<div class=\"wpb_text_column wpb_content_element vc_custom_1771619160808\" >\n\t\t<div class=\"wpb_wrapper\">\n\t\t\t<\/p>\n<h4 style=\"text-align: center;\">Make a Payment<\/h4>\n<p style=\"text-align: center;\">Para realizar un pago, haga clic en el bot\u00f3n \"Realizar pago\" que aparece a continuaci\u00f3n. Despu\u00e9s de hacer\nclic en \"Realizar pago\", se le redirigir\u00e1 a nuestra p\u00e1gina de procesamiento de tarjetas, donde se recopilar\u00e1\nsu informaci\u00f3n.<\/p>\n<p style=\"text-align: center;\"><a  class=\"x-btn x-btn-square x-btn-regular\"  href=\"https:\/\/medicount.com\/es\/make-a-payment\/\" title=\"Realizar un pago\"    data-options=\"thumbnail: ''\">Realizar un pago<\/a><\/p>\n\n\n\t\t<\/div>\n\t<\/div>\n<\/div><\/div><\/div><\/div><div class=\"vc_row wpb_row vc_row-fluid vc_custom_1771619103924 vc_row-has-fill\"><div class=\"wpb_column vc_column_container vc_col-sm-12\"><div class=\"vc_column-inner\"><div class=\"wpb_wrapper\">\n\t<div class=\"wpb_text_column wpb_content_element vc_custom_1771619114081\" >\n\t\t<div class=\"wpb_wrapper\">\n\t\t\t<p><hr  class=\"x-gap\" style=\"margin: 6em 0 0 0;\"><\/p>\n<h5 id=\"billers\" style=\"text-align: center;\"><span style=\"color: #ffffff;\">Question for our billers?<\/span><\/h5>\n<p><!-- PWebContact -->\n\n\n<div id=\"pwebcontact6\" class=\"pwebcontact  pweb-static pweb-theme-free pweb-labels-above\" dir=\"ltr\">\n\n    \n    \n    <div id=\"pwebcontact6_box\" class=\"pwebcontact-box pweb-static pweb-theme-free pweb-labels-above\" dir=\"ltr\">\n\n    <div class=\"pwebcontact-container-outset\">\n    <div id=\"pwebcontact6_container\" class=\"pwebcontact-container\">\n    <div class=\"pwebcontact-container-inset\">\n\n        \n        \n        \n        <form name=\"pwebcontact6_form\" id=\"pwebcontact6_form\" class=\"pwebcontact-form\" action=\"https:\/\/medicount.com\/es\/\" method=\"post\" accept-charset=\"utf-8\" data-trp-original-action=\"https:\/\/medicount.com\/es\">\n\n            \n            <div class=\"pweb-fields\">\n            <div class=\"pweb-row\"><div class=\"pweb-column pweb-width-50\">                    <div class=\"pweb-field-container pweb-field-name pweb-field-name\">\n                                                <div class=\"pweb-label\">\n                            <label id=\"pwebcontact6_field-name-lbl\" for=\"pwebcontact6_field-name\">\n                                Full Name                                <span class=\"pweb-asterisk\">*<\/span>                            <\/label>\n                        <\/div>\n                                                <div class=\"pweb-field\">\n                                                        <div class=\"pweb-field-shadow\">\n                                <input type=\"text\" name=\"fields[name]\" id=\"pwebcontact6_field-name\" title=\"Full Name\" autocomplete=\"on\" class=\"pweb-input required pweb-tooltip\" value=\"\" data-role=\"none\">\n                            <\/div>\n                                                    <\/div>\n                    <\/div>\n                    <\/div><div class=\"pweb-column pweb-width-50\">                    <div class=\"pweb-field-container pweb-field-email pweb-field-email\">\n                                                <div class=\"pweb-label\">\n                            <label id=\"pwebcontact6_field-email-lbl\" for=\"pwebcontact6_field-email\">\n                                Correo electr\u00f3nico                                <span class=\"pweb-asterisk\">*<\/span>                            <\/label>\n                        <\/div>\n                                                <div class=\"pweb-field\">\n                                                        <div class=\"pweb-field-shadow\">\n                                <input type=\"email\" name=\"fields[email]\" id=\"pwebcontact6_field-email\" autocomplete=\"on\" class=\"pweb-input required\" value=\"\" data-role=\"none\">\n                            <\/div>\n                                                    <\/div>\n                    <\/div>\n                    <\/div><\/div><div class=\"pweb-row\"><div>                    <div class=\"pweb-field-container pweb-field-text pweb-field-companyname\">\n                                                <div class=\"pweb-label\">\n                            <label id=\"pwebcontact6_field-companyname-lbl\" for=\"pwebcontact6_field-companyname\">\n                                Company Name                                <span class=\"pweb-asterisk\">*<\/span>                            <\/label>\n                        <\/div>\n                                                <div class=\"pweb-field\">\n                                                        <div class=\"pweb-field-shadow\">\n                                <input type=\"text\" name=\"fields[companyname]\" id=\"pwebcontact6_field-companyname\" autocomplete=\"on\" class=\"pweb-input required\" value=\"\" data-role=\"none\">\n                            <\/div>\n                                                    <\/div>\n                    <\/div>\n                    <\/div><\/div><div class=\"pweb-row\"><div>                    <div class=\"pweb-field-container pweb-field-textarea pweb-field-message\">\n                                                <div class=\"pweb-label\">\n                            <label id=\"pwebcontact6_field-message-lbl\" for=\"pwebcontact6_field-message\">\n                                Message                                                            <\/label>\n                        <\/div>\n                                                <div class=\"pweb-field\">\n                                                        <div class=\"pweb-field-shadow\">\n                                <textarea name=\"fields[message]\" id=\"pwebcontact6_field-message\" cols=\"50\" rows=\"5\" data-role=\"none\"><\/textarea>\n                            <\/div>\n                                                                                <\/div>\n                    <\/div>\n                    <\/div><\/div><div class=\"pweb-row\"><div>                    <div class=\"pweb-field-container pweb-field-buttons\">\n                        <div class=\"pweb-field\">\n                            <button id=\"pwebcontact6_send\" type=\"submit\" class=\"btn pweb-button-send\" data-role=\"none\">Send<\/button>\n                                                                                <\/div>\n                    <\/div>\n                    <\/div><\/div>            <\/div>\n\n            <div class=\"pweb-msg pweb-msg-after\"><div id=\"pwebcontact6_msg\" class=\"pweb-progress\"><script type=\"text\/javascript\">document.getElementById(\"pwebcontact6_msg\").innerHTML=\"Initializing form...\"<\/script><\/div><\/div>\n            \r\n<!-- WordPress version 6.9.4, Contact Form version 2.5.0 -->\r\n            <input type=\"hidden\" name=\"7828294574\" value=\"1\" id=\"pwebcontact6_token\">\n        <input type=\"hidden\" name=\"trp-form-language\" value=\"es\"\/><\/form>\n\n\n    <\/div>\n    <\/div>\n    <\/div>\n\n    <\/div>\n    <\/div>\n\n<script type=\"text\/javascript\">\njQuery(document).ready(function($){if(typeof pwebContact6Count==\"undefined\"){if(typeof pwebContact==\"undefined\")alert(\"Gator Form Debug: Contact form module has been loaded incorrect.\");pwebContact6Count=$(\".pwebcontact6_form\").length;if(pwebContact6Count>1)alert(\"Gator Form Debug: Contact form module ID 6 has been loaded \"+pwebContact6Count+\" times. You can have multiple contact forms, but one instance of module can be loaded only once!\")}});jQuery(document).ready(function($){pwebContact6=new pwebContact({id:6,debug:1,ajaxUrl:\"https:\/\/medicount.com\/wp-admin\/admin-ajax.php?action=pwebcontact_\",theme:\"free\",layout:\"static\",position:\"static\",offsetPosition:\"top\",closeOther:0,validatorRules:[{name:\"phoneoptional\",regexp:\/[\\d\\-\\+() ]+\/}]})});<\/script>\n<!-- PWebContact end -->\n<\/p>\n<hr  class=\"x-gap\" style=\"margin: 1.313em 0 0 0;\"><\/p>\n\n\t\t<\/div>\n\t<\/div>\n<\/div><\/div><\/div><\/div>\n<\/div>","protected":false},"excerpt":{"rendered":"Patient Services Make A Payment Registration\/Insurance Info Form The Leading EMS Billing Provider in the Mid\u2013West. Medicount Management, Inc. is your local municipality\u2019s Emergency Medical Services billing agent for ambulance transports for you or a family member. Medicount submits your transport claims to commercial and governmental providers for Accident and Health Insurance payment on your behalf. \u00a0Please contact us\u00a0if you ...","protected":false},"author":9,"featured_media":0,"parent":0,"menu_order":0,"comment_status":"open","ping_status":"closed","template":"template-blank-4.php","meta":{"content-type":"","footnotes":""},"class_list":["post-674","page","type-page","status-publish","hentry","no-post-thumbnail"],"yoast_head":"<!-- This site is optimized with the Yoast SEO plugin v26.1.1 - https:\/\/yoast.com\/wordpress\/plugins\/seo\/ -->\n<title>Patient Services backup - Medicount - Ambulance and EMS billing services and software.<\/title>\n<meta name=\"description\" content=\"HIPPA compliant EMS and ambulance billing software service, with complete hospital integration, SSAE auditing, and ePCR Partnerships\" \/>\n<meta name=\"robots\" content=\"index, follow, max-snippet:-1, max-image-preview:large, max-video-preview:-1\" \/>\n<link rel=\"canonical\" href=\"https:\/\/medicount.com\/es\/patient-services-backup\/\" \/>\n<meta property=\"og:locale\" content=\"es_ES\" \/>\n<meta property=\"og:type\" content=\"article\" \/>\n<meta property=\"og:title\" content=\"Patient Services backup - Medicount - Ambulance and EMS billing services and software.\" \/>\n<meta property=\"og:description\" content=\"HIPPA compliant EMS and ambulance billing software service, with complete hospital integration, SSAE auditing, and ePCR Partnerships\" \/>\n<meta property=\"og:url\" content=\"https:\/\/medicount.com\/es\/patient-services-backup\/\" \/>\n<meta property=\"og:site_name\" content=\"Medicount - Ambulance and EMS billing services and software.\" \/>\n<meta property=\"article:publisher\" content=\"https:\/\/www.facebook.com\/medicountmgmt\/\" \/>\n<meta property=\"article:modified_time\" content=\"2026-02-20T20:54:38+00:00\" \/>\n<meta property=\"og:image\" content=\"https:\/\/medicount.com\/wp-content\/uploads\/2015\/04\/Arrow.png\" \/>\n\t<meta property=\"og:image:width\" content=\"40\" \/>\n\t<meta property=\"og:image:height\" content=\"15\" \/>\n\t<meta property=\"og:image:type\" content=\"image\/png\" \/>\n<meta name=\"twitter:card\" content=\"summary_large_image\" \/>\n<meta name=\"twitter:label1\" content=\"Est. reading time\" \/>\n\t<meta name=\"twitter:data1\" content=\"3 minutos\" \/>\n<script type=\"application\/ld+json\" class=\"yoast-schema-graph\">{\"@context\":\"https:\/\/schema.org\",\"@graph\":[{\"@type\":\"WebPage\",\"@id\":\"https:\/\/medicount.com\/patient-services-backup\/\",\"url\":\"https:\/\/medicount.com\/patient-services-backup\/\",\"name\":\"Patient Services backup - Medicount - Ambulance and EMS billing services and software.\",\"isPartOf\":{\"@id\":\"https:\/\/medicount.com\/es\/#website\"},\"primaryImageOfPage\":{\"@id\":\"https:\/\/medicount.com\/patient-services-backup\/#primaryimage\"},\"image\":{\"@id\":\"https:\/\/medicount.com\/patient-services-backup\/#primaryimage\"},\"thumbnailUrl\":\"https:\/\/medicount.com\/wp-content\/uploads\/2015\/04\/Arrow.png\",\"datePublished\":\"2022-04-11T15:13:28+00:00\",\"dateModified\":\"2026-02-20T20:54:38+00:00\",\"description\":\"HIPPA compliant EMS and ambulance billing software service, with complete hospital integration, SSAE auditing, and ePCR Partnerships\",\"breadcrumb\":{\"@id\":\"https:\/\/medicount.com\/patient-services-backup\/#breadcrumb\"},\"inLanguage\":\"es\",\"potentialAction\":[{\"@type\":\"ReadAction\",\"target\":[\"https:\/\/medicount.com\/patient-services-backup\/\"]}]},{\"@type\":\"ImageObject\",\"inLanguage\":\"es\",\"@id\":\"https:\/\/medicount.com\/patient-services-backup\/#primaryimage\",\"url\":\"https:\/\/medicount.com\/wp-content\/uploads\/2015\/04\/Arrow.png\",\"contentUrl\":\"https:\/\/medicount.com\/wp-content\/uploads\/2015\/04\/Arrow.png\"},{\"@type\":\"BreadcrumbList\",\"@id\":\"https:\/\/medicount.com\/patient-services-backup\/#breadcrumb\",\"itemListElement\":[{\"@type\":\"ListItem\",\"position\":1,\"name\":\"Home\",\"item\":\"https:\/\/medicount.com\/es\/\"},{\"@type\":\"ListItem\",\"position\":2,\"name\":\"Patient Services backup\"}]},{\"@type\":\"WebSite\",\"@id\":\"https:\/\/medicount.com\/es\/#website\",\"url\":\"https:\/\/medicount.com\/es\/\",\"name\":\"Medicount - Ambulance and EMS billing services and software.\",\"description\":\"HIPPA compliant EMS and ambulance billing software service, with complete hospital integration, flexible banking and reconciliation options, SSAE auditing, and ePCR Partnerships\",\"publisher\":{\"@id\":\"https:\/\/medicount.com\/es\/#organization\"},\"potentialAction\":[{\"@type\":\"SearchAction\",\"target\":{\"@type\":\"EntryPoint\",\"urlTemplate\":\"https:\/\/medicount.com\/es\/?s={search_term_string}\"},\"query-input\":{\"@type\":\"PropertyValueSpecification\",\"valueRequired\":true,\"valueName\":\"search_term_string\"}}],\"inLanguage\":\"es\"},{\"@type\":\"Organization\",\"@id\":\"https:\/\/medicount.com\/es\/#organization\",\"name\":\"Medicount\",\"url\":\"https:\/\/medicount.com\/es\/\",\"logo\":{\"@type\":\"ImageObject\",\"inLanguage\":\"es\",\"@id\":\"https:\/\/medicount.com\/es\/#\/schema\/logo\/image\/\",\"url\":\"https:\/\/medicount.com\/wp-content\/uploads\/2015\/04\/MedicountHeaderLogo.jpg\",\"contentUrl\":\"https:\/\/medicount.com\/wp-content\/uploads\/2015\/04\/MedicountHeaderLogo.jpg\",\"width\":324,\"height\":105,\"caption\":\"Medicount\"},\"image\":{\"@id\":\"https:\/\/medicount.com\/es\/#\/schema\/logo\/image\/\"},\"sameAs\":[\"https:\/\/www.facebook.com\/medicountmgmt\/\"]}]}<\/script>\n<!-- \/ Yoast SEO plugin. -->","yoast_head_json":{"title":"Patient Services backup - Medicount - Ambulance and EMS billing services and software.","description":"HIPPA compliant EMS and ambulance billing software service, with complete hospital integration, SSAE auditing, and ePCR Partnerships","robots":{"index":"index","follow":"follow","max-snippet":"max-snippet:-1","max-image-preview":"max-image-preview:large","max-video-preview":"max-video-preview:-1"},"canonical":"https:\/\/medicount.com\/es\/patient-services-backup\/","og_locale":"es_ES","og_type":"article","og_title":"Patient Services backup - Medicount - Ambulance and EMS billing services and software.","og_description":"HIPPA compliant EMS and ambulance billing software service, with complete hospital integration, SSAE auditing, and ePCR Partnerships","og_url":"https:\/\/medicount.com\/es\/patient-services-backup\/","og_site_name":"Medicount - Ambulance and EMS billing services and software.","article_publisher":"https:\/\/www.facebook.com\/medicountmgmt\/","article_modified_time":"2026-02-20T20:54:38+00:00","og_image":[{"width":40,"height":15,"url":"https:\/\/medicount.com\/wp-content\/uploads\/2015\/04\/Arrow.png","type":"image\/png"}],"twitter_card":"summary_large_image","twitter_misc":{"Est. reading time":"3 minutos"},"schema":{"@context":"https:\/\/schema.org","@graph":[{"@type":"WebPage","@id":"https:\/\/medicount.com\/patient-services-backup\/","url":"https:\/\/medicount.com\/patient-services-backup\/","name":"Patient Services backup - Medicount - Ambulance and EMS billing services and software.","isPartOf":{"@id":"https:\/\/medicount.com\/es\/#website"},"primaryImageOfPage":{"@id":"https:\/\/medicount.com\/patient-services-backup\/#primaryimage"},"image":{"@id":"https:\/\/medicount.com\/patient-services-backup\/#primaryimage"},"thumbnailUrl":"https:\/\/medicount.com\/wp-content\/uploads\/2015\/04\/Arrow.png","datePublished":"2022-04-11T15:13:28+00:00","dateModified":"2026-02-20T20:54:38+00:00","description":"HIPPA compliant EMS and ambulance billing software service, with complete hospital integration, SSAE auditing, and ePCR Partnerships","breadcrumb":{"@id":"https:\/\/medicount.com\/patient-services-backup\/#breadcrumb"},"inLanguage":"es","potentialAction":[{"@type":"ReadAction","target":["https:\/\/medicount.com\/patient-services-backup\/"]}]},{"@type":"ImageObject","inLanguage":"es","@id":"https:\/\/medicount.com\/patient-services-backup\/#primaryimage","url":"https:\/\/medicount.com\/wp-content\/uploads\/2015\/04\/Arrow.png","contentUrl":"https:\/\/medicount.com\/wp-content\/uploads\/2015\/04\/Arrow.png"},{"@type":"BreadcrumbList","@id":"https:\/\/medicount.com\/patient-services-backup\/#breadcrumb","itemListElement":[{"@type":"ListItem","position":1,"name":"Home","item":"https:\/\/medicount.com\/es\/"},{"@type":"ListItem","position":2,"name":"Patient Services backup"}]},{"@type":"WebSite","@id":"https:\/\/medicount.com\/es\/#website","url":"https:\/\/medicount.com\/es\/","name":"Medicount - Ambulance and EMS billing services and software.","description":"HIPPA compliant EMS and ambulance billing software service, with complete hospital integration, flexible banking and reconciliation options, SSAE auditing, and ePCR Partnerships","publisher":{"@id":"https:\/\/medicount.com\/es\/#organization"},"potentialAction":[{"@type":"SearchAction","target":{"@type":"EntryPoint","urlTemplate":"https:\/\/medicount.com\/es\/?s={search_term_string}"},"query-input":{"@type":"PropertyValueSpecification","valueRequired":true,"valueName":"search_term_string"}}],"inLanguage":"es"},{"@type":"Organization","@id":"https:\/\/medicount.com\/es\/#organization","name":"Medicount","url":"https:\/\/medicount.com\/es\/","logo":{"@type":"ImageObject","inLanguage":"es","@id":"https:\/\/medicount.com\/es\/#\/schema\/logo\/image\/","url":"https:\/\/medicount.com\/wp-content\/uploads\/2015\/04\/MedicountHeaderLogo.jpg","contentUrl":"https:\/\/medicount.com\/wp-content\/uploads\/2015\/04\/MedicountHeaderLogo.jpg","width":324,"height":105,"caption":"Medicount"},"image":{"@id":"https:\/\/medicount.com\/es\/#\/schema\/logo\/image\/"},"sameAs":["https:\/\/www.facebook.com\/medicountmgmt\/"]}]}},"_links":{"self":[{"href":"https:\/\/medicount.com\/es\/wp-json\/wp\/v2\/pages\/674","targetHints":{"allow":["GET"]}}],"collection":[{"href":"https:\/\/medicount.com\/es\/wp-json\/wp\/v2\/pages"}],"about":[{"href":"https:\/\/medicount.com\/es\/wp-json\/wp\/v2\/types\/page"}],"author":[{"embeddable":true,"href":"https:\/\/medicount.com\/es\/wp-json\/wp\/v2\/users\/9"}],"replies":[{"embeddable":true,"href":"https:\/\/medicount.com\/es\/wp-json\/wp\/v2\/comments?post=674"}],"version-history":[{"count":0,"href":"https:\/\/medicount.com\/es\/wp-json\/wp\/v2\/pages\/674\/revisions"}],"wp:attachment":[{"href":"https:\/\/medicount.com\/es\/wp-json\/wp\/v2\/media?parent=674"}],"curies":[{"name":"wp","href":"https:\/\/api.w.org\/{rel}","templated":true}]}}