{"id":14,"date":"2015-04-24T18:56:47","date_gmt":"2015-04-24T23:56:47","guid":{"rendered":"https:\/\/medicount.com\/wp\/?page_id=14"},"modified":"2026-02-20T16:01:26","modified_gmt":"2026-02-20T21:01:26","slug":"patient-services","status":"publish","type":"page","link":"https:\/\/medicount.com\/es\/patient-services\/","title":{"rendered":"SERVICIOS AL PACIENTE"},"content":{"rendered":"<div class=\"wpb-content-wrapper\"><div data-vc-full-width=\"true\" data-vc-full-width-temp=\"true\" data-vc-full-width-init=\"false\" class=\"vc_row wpb_row vc_row-fluid vc_custom_1767118329662 vc_row-has-fill\"><div class=\"wpb_column vc_column_container vc_col-sm-12 vc_col-has-fill\"><div class=\"vc_column-inner vc_custom_1767118264060\"><div class=\"wpb_wrapper\">\n\t<div class=\"wpb_text_column wpb_content_element\" >\n\t\t<div class=\"wpb_wrapper\">\n\t\t\t<p><img loading=\"lazy\" decoding=\"async\" class=\"size-full wp-image-238 aligncenter\" src=\"https:\/\/medicount.com\/wp-content\/uploads\/2015\/04\/Arrow.png\" alt=\"Arrow\" width=\"40\" height=\"15\" \/><\/p>\n\n\n\t\t<\/div>\n\t<\/div>\n<\/div><\/div><\/div><\/div><div class=\"vc_row-full-width vc_clearfix\"><\/div><div class=\"vc_row wpb_row vc_row-fluid\"><div class=\"wpb_column vc_column_container vc_col-sm-6\"><div class=\"vc_column-inner\"><div class=\"wpb_wrapper\">\n\t<div class=\"wpb_text_column wpb_content_element\" >\n\t\t<div class=\"wpb_wrapper\">\n\t\t\t<\/p>\n<h2><span style=\"color: #5c666f;\">SERVICIOS AL PACIENTE<\/span><\/h2>\n<p>\n\n\n\t\t<\/div>\n\t<\/div>\n<\/div><\/div><\/div><div class=\"wpb_column vc_column_container vc_col-sm-6\"><div class=\"vc_column-inner\"><div class=\"wpb_wrapper\">\n\t<div class=\"wpb_text_column wpb_content_element\" >\n\t\t<div class=\"wpb_wrapper\">\n\t\t\t<p><hr  class=\"x-gap\" style=\"margin: 30px 0 0 0;\"><p><a  class=\"x-btn x-btn-square x-btn-regular alignleft\"  href=\"https:\/\/medicount.com\/es\/make-a-payment\/\" title=\"Realizar un pago\"    data-options=\"thumbnail: ''\">Realizar un pago<\/a> <a  class=\"x-btn x-btn-square x-btn-regular alignleft\"  href=\"https:\/\/medicount.com\/es\/patient-transport-insurance-information-form\/\" title=\"\u00bfPreguntas para nuestros facturadores?\"    data-options=\"thumbnail: ''\">Formulario de registro\/informaci\u00f3n de seguro<\/a><\/p>\n<\/p>\n\n\t\t<\/div>\n\t<\/div>\n<\/div><\/div><\/div><\/div><div class=\"vc_row wpb_row vc_row-fluid\"><div class=\"wpb_column vc_column_container vc_col-sm-12\"><div class=\"vc_column-inner\"><div class=\"wpb_wrapper\">\n\t<div class=\"wpb_text_column wpb_content_element\" >\n\t\t<div class=\"wpb_wrapper\">\n\t\t\t\n<h4>EI\nsocio confiable de su comunidad en facturaci\u00f3n de EMS &amp; transporte m\u00e9dico<\/h4>\n<p class=\"translation-block\">Medicount Management, Inc. se enorgullece de servir como socio de facturaci\u00f3n para los Servicios\nM\u00e9dicos de Emergencia de su municipio local. Gestionamos la facturaci\u00f3n de los servicios m\u00e9dicos de EMS, tanto de ambulancia como no ambulancia, en nombre de los pacientes &amp; sus familias, &amp; nos aseguramos de que los reclamos se envien correctamente a los proveedores de seguros comerciales &amp; gubernamentales para su procesamiento r\u00e1pido.<\/p>\n<p>Si tiene alguna pregunta, nuestro equipo est\u00e1 aqu\u00ed para ayudarle.<\/p>\n\n\t\t<\/div>\n\t<\/div>\n<\/div><\/div><\/div><\/div><div class=\"vc_row wpb_row vc_row-fluid vc_custom_1767119670159 vc_row-has-fill\"><div class=\"wpb_column vc_column_container vc_col-sm-6 vc_col-has-fill\"><div class=\"vc_column-inner vc_custom_1767119722422\"><div class=\"wpb_wrapper\">\n\t<div class=\"wpb_text_column wpb_content_element\" >\n\t\t<div class=\"wpb_wrapper\">\n\t\t\t<h4>FORMULARIOS EN L\u00cdNEA<\/h4>\n<p><a  class=\"x-btn x-btn-rounded x-btn-small\"  href=\"https:\/\/medicount.com\/es\/patient-transport-insurance-information-form\/\" title=\"Registration\/Insurance Information Form\" target=\"_blank\" rel=\"noopener noreferrer\"   data-options=\"thumbnail: ''\">Formulario de registro\/informaci\u00f3n de seguro<\/a> (solo completa el formulario &amp; haz clic en Enviar)<\/p>\n<p><a  class=\"x-btn x-btn-rounded x-btn-small\"  href=\"https:\/\/medicount.com\/es\/hipaa-authorization-form\/\" title=\"Formulario de Autorizaci\u00f3n HIP\u0410\u0410\" target=\"_blank\" rel=\"noopener noreferrer\"   data-options=\"thumbnail: ''\">Formulario de Autorizaci\u00f3n HIP\u0410\u0410 <\/a> or <a href=\"http:\/\/medicount.com\/wp-content\/uploads\/2025\/07\/HIPAA_Authorization_Form-V1-05.21.2025.pdf\">Formulario de autorizaci\u00f3n HIPAA o descargue el formulario para enviarlo por fax o correo postal.<\/a><\/p>\n<p><a  class=\"x-btn x-btn-rounded x-btn-small\"  href=\"https:\/\/medicount.com\/es\/financial-hardship-application-form\/\" title=\"Solicitud de Dificultad Financier \" target=\"_blank\" rel=\"noopener noreferrer\"   data-options=\"thumbnail: ''\">Solicitud de Dificultad Financier <\/a> or <a href=\"http:\/\/medicount.com\/wp-content\/uploads\/2024\/10\/Hardship-Application_10302024.pdf\">Formulario de autorizaci\u00f3n HIPAA o descargue el formulario para enviarlo por fax o correo postal.<\/a><\/p>\n<a  class=\"x-btn popmake-828 x-btn-rounded x-btn-small\"  href=\"#\"     data-options=\"thumbnail: ''\">\u00bfPreguntas para nuestros facturadores?<\/a>\n<p><strong><br \/>\nContactenos<br \/>\n<\/strong>Email: <a href=\"mailto:ptrelations@medicount.com\">ptrelations@medicount.com<\/a><span style=\"color: #ffffff;\"><br \/>\n<\/span>Tel\u00e9fono:<span style=\"color: #94d500;\">888.410.6986<\/span><\/p>\n\n\t\t<\/div>\n\t<\/div>\n<\/div><\/div><\/div><div class=\"wpb_column vc_column_container vc_col-sm-6\"><div class=\"vc_column-inner vc_custom_1767119732030\"><div class=\"wpb_wrapper\">\n\t<div class=\"wpb_text_column wpb_content_element\" >\n\t\t<div class=\"wpb_wrapper\">\n\t\t\t<p>Enlaces a seguros financiados por el estado para pacientes de bajos ingresos<\/p>\n<ul>\n<li style=\"list-style-type: none;\">\n<ul>\n<li style=\"list-style-type: none;\">\n<ul>\n<li><strong><a class=\"blue\" href=\"https:\/\/ssp.benefits.ohio.gov\/apspssp\/ssp.portal\/amIEligible\/welcome\" target=\"_blank\" rel=\"noopener noreferrer\"> OHIO<\/a><\/strong><\/li>\n<li><strong><a class=\"blue\" href=\"https:\/\/www.chfs.ky.gov\/agencies\/dms\/member\/Pages\/Apply.aspx\" target=\"_blank\" rel=\"noopener noreferrer\">KENTUCKY<\/a><\/strong><\/li>\n<li><strong><a class=\"blue\" href=\"https:\/\/www.in.gov\/medicaid\/members\/apply-for-medicaid\/\" target=\"_blank\" rel=\"noopener noreferrer\">INDIANA<\/a><\/strong><\/li>\n<li><strong><a class=\"blue\" href=\"https:\/\/newmibridges.michigan.gov\/s\/isd-landing-page?language=en_US\" target=\"_blank\" rel=\"noopener noreferrer\">MICHIGAN<\/a><\/strong><\/li>\n<li><strong><a class=\"blue\" href=\"https:\/\/abe.illinois.gov\/access\/\" target=\"_blank\" rel=\"noopener noreferrer\">ILLINOIS<\/a><\/strong><\/li>\n<li><strong><a class=\"blue\" href=\"https:\/\/www.wvpath.wv.gov\/programs&amp;services\" target=\"_blank\" rel=\"noopener noreferrer\">WEST VIRGINIA<\/a><\/strong><\/li>\n<li><strong><a class=\"blue\" href=\"https:\/\/www.compass.dhs.pa.gov\/home\/#\/\" target=\"_blank\" rel=\"noopener noreferrer\">PENNSYLVANIA<\/a><\/strong><\/li>\n<\/ul>\n<\/li>\n<\/ul>\n<\/li>\n<\/ul>\n\n\t\t<\/div>\n\t<\/div>\n<\/div><\/div><\/div><\/div><div data-vc-full-width=\"true\" data-vc-full-width-temp=\"true\" data-vc-full-width-init=\"false\" class=\"vc_row wpb_row vc_row-fluid vc_custom_1763655438062 vc_row-has-fill\"><div class=\"wpb_column vc_column_container vc_col-sm-12 vc_col-has-fill\"><div class=\"vc_column-inner vc_custom_1763655318231\"><div class=\"wpb_wrapper\">\n\t<div class=\"wpb_text_column wpb_content_element\" >\n\t\t<div class=\"wpb_wrapper\">\n\t\t\t<p><hr  class=\"x-gap\" style=\"margin: 10px 0 0 0;\"><\/p>\n<h6 style=\"text-align: center;\"><span style=\"color: #ffffff;\">Mandenos correo <a href=\"mailto:ptrelations@medicount.com\">ptrelations@medicount.com<\/a><\/span><\/h6>\n<p>\n<hr  class=\"x-gap\" style=\"margin: 30px 0 0 0;\"><\/p>\n\n\t\t<\/div>\n\t<\/div>\n<\/div><\/div><\/div><\/div><div class=\"vc_row-full-width vc_clearfix\"><\/div><div class=\"vc_row wpb_row vc_row-fluid\"><div class=\"wpb_column vc_column_container vc_col-sm-12\"><div class=\"vc_column-inner\"><div class=\"wpb_wrapper\">\n\t<div class=\"wpb_text_column wpb_content_element\" >\n\t\t<div class=\"wpb_wrapper\">\n\t\t\t<p>Medicount mantiene medidas de seguridad fisicas, electr\u00f3nicas &amp; procedimentales para proteger su informaci\u00f3n personal no p\u00fablica. Nuestros sistemas operativos &amp; de procesamiento de datos se encuentran en un entorno seguro con control de acceso. Para garantizar la confidencialidad de las comunicaciones entre su computadora &amp; nuestros servidores web, hemos implementado certificados digitales &amp; habilitado un potente cifrado RSA de 1024 bits. Utilizamos el protocolo de seguridad Secure Socket Layer (SSL) para proteger todos los intercambios de informaci\u00f3n a trav\u00e9s de nuestros sitios web que se consideran privados o confidenciales.<\/p>\n\n\t\t<\/div>\n\t<\/div>\n<\/div><\/div><\/div><\/div><div data-vc-full-width=\"true\" data-vc-full-width-temp=\"true\" data-vc-full-width-init=\"false\" class=\"vc_row wpb_row vc_row-fluid vc_custom_1767119117410 vc_row-has-fill\"><div class=\"wpb_column vc_column_container vc_col-sm-12\"><div class=\"vc_column-inner\"><div class=\"wpb_wrapper\">\n\t<div class=\"wpb_text_column wpb_content_element\" >\n\t\t<div class=\"wpb_wrapper\">\n\t\t\t<\/p>\n<h4 style=\"text-align: center;\">Make a Payment<\/h4>\n<p style=\"text-align: center;\">Para realizar un pago, haga clic en el bot\u00f3n \"Realizar pago\" que aparece a continuaci\u00f3n. Despu\u00e9s de hacer\nclic en \"Realizar pago\", se le redirigir\u00e1 a nuestra p\u00e1gina de procesamiento de tarjetas, donde se recopilar\u00e1\nsu informaci\u00f3n.<\/p>\n<p style=\"text-align: center;\"><a  class=\"x-btn x-btn-square x-btn-regular\"  href=\"https:\/\/medicount.com\/es\/make-a-payment\/\" title=\"Realizar un pago\"    data-options=\"thumbnail: ''\">Realizar un pago<\/a><\/p>\n\n\n\t\t<\/div>\n\t<\/div>\n<\/div><\/div><\/div><\/div><div class=\"vc_row-full-width vc_clearfix\"><\/div>\n<\/div>","protected":false},"excerpt":{"rendered":"Patient Services Make A Payment Registration\/Insurance Info Form Your Trusted Community Partner in EMS Billing &amp; Medical Transportation Medicount Management, Inc. is proud to serve as a billing partner for your local municipality's Emergency Medical Services. We manage billing for EMS medical services, both ambulance and nonambulance, on behalf of patients and their families, and ensure that claims are accurately ...","protected":false},"author":1,"featured_media":0,"parent":0,"menu_order":0,"comment_status":"open","ping_status":"closed","template":"","meta":{"content-type":"","footnotes":""},"class_list":["post-14","page","type-page","status-publish","hentry","no-post-thumbnail"],"yoast_head":"<!-- This site is optimized with the Yoast SEO plugin v26.1.1 - https:\/\/yoast.com\/wordpress\/plugins\/seo\/ -->\n<title>Patient Services - Medicount - Ambulance and EMS billing services and software.<\/title>\n<meta name=\"description\" content=\"HIPPA compliant EMS and ambulance billing software service, with complete hospital integration, SSAE auditing, and ePCR Partnerships\" \/>\n<meta name=\"robots\" content=\"index, follow, max-snippet:-1, max-image-preview:large, max-video-preview:-1\" \/>\n<link rel=\"canonical\" href=\"https:\/\/medicount.com\/es\/patient-services\/\" \/>\n<meta property=\"og:locale\" content=\"es_ES\" \/>\n<meta property=\"og:type\" content=\"article\" \/>\n<meta property=\"og:title\" content=\"Patient Services - Medicount - Ambulance and EMS billing services and software.\" \/>\n<meta property=\"og:description\" content=\"HIPPA compliant EMS and ambulance billing software service, with complete hospital integration, SSAE auditing, and ePCR Partnerships\" \/>\n<meta property=\"og:url\" content=\"https:\/\/medicount.com\/es\/patient-services\/\" \/>\n<meta property=\"og:site_name\" content=\"Medicount - Ambulance and EMS billing services and software.\" \/>\n<meta property=\"article:publisher\" content=\"https:\/\/www.facebook.com\/medicountmgmt\/\" \/>\n<meta property=\"article:modified_time\" content=\"2026-02-20T21:01:26+00:00\" \/>\n<meta property=\"og:image\" content=\"https:\/\/medicount.com\/wp-content\/uploads\/2015\/04\/Arrow.png\" \/>\n\t<meta property=\"og:image:width\" content=\"40\" \/>\n\t<meta property=\"og:image:height\" content=\"15\" \/>\n\t<meta property=\"og:image:type\" content=\"image\/png\" \/>\n<meta name=\"twitter:card\" content=\"summary_large_image\" \/>\n<meta name=\"twitter:label1\" content=\"Est. reading time\" \/>\n\t<meta name=\"twitter:data1\" content=\"3 minutos\" \/>\n<script type=\"application\/ld+json\" class=\"yoast-schema-graph\">{\"@context\":\"https:\/\/schema.org\",\"@graph\":[{\"@type\":\"WebPage\",\"@id\":\"https:\/\/medicount.com\/patient-services\/\",\"url\":\"https:\/\/medicount.com\/patient-services\/\",\"name\":\"Patient Services - Medicount - Ambulance and EMS billing services and software.\",\"isPartOf\":{\"@id\":\"https:\/\/medicount.com\/es\/#website\"},\"primaryImageOfPage\":{\"@id\":\"https:\/\/medicount.com\/patient-services\/#primaryimage\"},\"image\":{\"@id\":\"https:\/\/medicount.com\/patient-services\/#primaryimage\"},\"thumbnailUrl\":\"https:\/\/medicount.com\/wp-content\/uploads\/2015\/04\/Arrow.png\",\"datePublished\":\"2015-04-24T23:56:47+00:00\",\"dateModified\":\"2026-02-20T21:01:26+00:00\",\"description\":\"HIPPA compliant EMS and ambulance billing software service, with complete hospital integration, SSAE auditing, and ePCR Partnerships\",\"breadcrumb\":{\"@id\":\"https:\/\/medicount.com\/patient-services\/#breadcrumb\"},\"inLanguage\":\"es\",\"potentialAction\":[{\"@type\":\"ReadAction\",\"target\":[\"https:\/\/medicount.com\/patient-services\/\"]}]},{\"@type\":\"ImageObject\",\"inLanguage\":\"es\",\"@id\":\"https:\/\/medicount.com\/patient-services\/#primaryimage\",\"url\":\"https:\/\/medicount.com\/wp-content\/uploads\/2015\/04\/Arrow.png\",\"contentUrl\":\"https:\/\/medicount.com\/wp-content\/uploads\/2015\/04\/Arrow.png\"},{\"@type\":\"BreadcrumbList\",\"@id\":\"https:\/\/medicount.com\/patient-services\/#breadcrumb\",\"itemListElement\":[{\"@type\":\"ListItem\",\"position\":1,\"name\":\"Home\",\"item\":\"https:\/\/medicount.com\/es\/\"},{\"@type\":\"ListItem\",\"position\":2,\"name\":\"Patient Services\"}]},{\"@type\":\"WebSite\",\"@id\":\"https:\/\/medicount.com\/es\/#website\",\"url\":\"https:\/\/medicount.com\/es\/\",\"name\":\"Medicount - Ambulance and EMS billing services and software.\",\"description\":\"HIPPA compliant EMS and ambulance billing software service, with complete hospital integration, flexible banking and reconciliation options, SSAE auditing, and ePCR Partnerships\",\"publisher\":{\"@id\":\"https:\/\/medicount.com\/es\/#organization\"},\"potentialAction\":[{\"@type\":\"SearchAction\",\"target\":{\"@type\":\"EntryPoint\",\"urlTemplate\":\"https:\/\/medicount.com\/es\/?s={search_term_string}\"},\"query-input\":{\"@type\":\"PropertyValueSpecification\",\"valueRequired\":true,\"valueName\":\"search_term_string\"}}],\"inLanguage\":\"es\"},{\"@type\":\"Organization\",\"@id\":\"https:\/\/medicount.com\/es\/#organization\",\"name\":\"Medicount\",\"url\":\"https:\/\/medicount.com\/es\/\",\"logo\":{\"@type\":\"ImageObject\",\"inLanguage\":\"es\",\"@id\":\"https:\/\/medicount.com\/es\/#\/schema\/logo\/image\/\",\"url\":\"https:\/\/medicount.com\/wp-content\/uploads\/2015\/04\/MedicountHeaderLogo.jpg\",\"contentUrl\":\"https:\/\/medicount.com\/wp-content\/uploads\/2015\/04\/MedicountHeaderLogo.jpg\",\"width\":324,\"height\":105,\"caption\":\"Medicount\"},\"image\":{\"@id\":\"https:\/\/medicount.com\/es\/#\/schema\/logo\/image\/\"},\"sameAs\":[\"https:\/\/www.facebook.com\/medicountmgmt\/\"]}]}<\/script>\n<!-- \/ Yoast SEO plugin. -->","yoast_head_json":{"title":"Patient Services - Medicount - Ambulance and EMS billing services and software.","description":"HIPPA compliant EMS and ambulance billing software service, with complete hospital integration, SSAE auditing, and ePCR Partnerships","robots":{"index":"index","follow":"follow","max-snippet":"max-snippet:-1","max-image-preview":"max-image-preview:large","max-video-preview":"max-video-preview:-1"},"canonical":"https:\/\/medicount.com\/es\/patient-services\/","og_locale":"es_ES","og_type":"article","og_title":"Patient Services - Medicount - Ambulance and EMS billing services and software.","og_description":"HIPPA compliant EMS and ambulance billing software service, with complete hospital integration, SSAE auditing, and ePCR Partnerships","og_url":"https:\/\/medicount.com\/es\/patient-services\/","og_site_name":"Medicount - Ambulance and EMS billing services and software.","article_publisher":"https:\/\/www.facebook.com\/medicountmgmt\/","article_modified_time":"2026-02-20T21:01:26+00:00","og_image":[{"width":40,"height":15,"url":"https:\/\/medicount.com\/wp-content\/uploads\/2015\/04\/Arrow.png","type":"image\/png"}],"twitter_card":"summary_large_image","twitter_misc":{"Est. reading time":"3 minutos"},"schema":{"@context":"https:\/\/schema.org","@graph":[{"@type":"WebPage","@id":"https:\/\/medicount.com\/patient-services\/","url":"https:\/\/medicount.com\/patient-services\/","name":"Patient Services - Medicount - Ambulance and EMS billing services and software.","isPartOf":{"@id":"https:\/\/medicount.com\/es\/#website"},"primaryImageOfPage":{"@id":"https:\/\/medicount.com\/patient-services\/#primaryimage"},"image":{"@id":"https:\/\/medicount.com\/patient-services\/#primaryimage"},"thumbnailUrl":"https:\/\/medicount.com\/wp-content\/uploads\/2015\/04\/Arrow.png","datePublished":"2015-04-24T23:56:47+00:00","dateModified":"2026-02-20T21:01:26+00:00","description":"HIPPA compliant EMS and ambulance billing software service, with complete hospital integration, SSAE auditing, and ePCR Partnerships","breadcrumb":{"@id":"https:\/\/medicount.com\/patient-services\/#breadcrumb"},"inLanguage":"es","potentialAction":[{"@type":"ReadAction","target":["https:\/\/medicount.com\/patient-services\/"]}]},{"@type":"ImageObject","inLanguage":"es","@id":"https:\/\/medicount.com\/patient-services\/#primaryimage","url":"https:\/\/medicount.com\/wp-content\/uploads\/2015\/04\/Arrow.png","contentUrl":"https:\/\/medicount.com\/wp-content\/uploads\/2015\/04\/Arrow.png"},{"@type":"BreadcrumbList","@id":"https:\/\/medicount.com\/patient-services\/#breadcrumb","itemListElement":[{"@type":"ListItem","position":1,"name":"Home","item":"https:\/\/medicount.com\/es\/"},{"@type":"ListItem","position":2,"name":"Patient Services"}]},{"@type":"WebSite","@id":"https:\/\/medicount.com\/es\/#website","url":"https:\/\/medicount.com\/es\/","name":"Medicount - Ambulance and EMS billing services and software.","description":"HIPPA compliant EMS and ambulance billing software service, with complete hospital integration, flexible banking and reconciliation options, SSAE auditing, and ePCR Partnerships","publisher":{"@id":"https:\/\/medicount.com\/es\/#organization"},"potentialAction":[{"@type":"SearchAction","target":{"@type":"EntryPoint","urlTemplate":"https:\/\/medicount.com\/es\/?s={search_term_string}"},"query-input":{"@type":"PropertyValueSpecification","valueRequired":true,"valueName":"search_term_string"}}],"inLanguage":"es"},{"@type":"Organization","@id":"https:\/\/medicount.com\/es\/#organization","name":"Medicount","url":"https:\/\/medicount.com\/es\/","logo":{"@type":"ImageObject","inLanguage":"es","@id":"https:\/\/medicount.com\/es\/#\/schema\/logo\/image\/","url":"https:\/\/medicount.com\/wp-content\/uploads\/2015\/04\/MedicountHeaderLogo.jpg","contentUrl":"https:\/\/medicount.com\/wp-content\/uploads\/2015\/04\/MedicountHeaderLogo.jpg","width":324,"height":105,"caption":"Medicount"},"image":{"@id":"https:\/\/medicount.com\/es\/#\/schema\/logo\/image\/"},"sameAs":["https:\/\/www.facebook.com\/medicountmgmt\/"]}]}},"_links":{"self":[{"href":"https:\/\/medicount.com\/es\/wp-json\/wp\/v2\/pages\/14","targetHints":{"allow":["GET"]}}],"collection":[{"href":"https:\/\/medicount.com\/es\/wp-json\/wp\/v2\/pages"}],"about":[{"href":"https:\/\/medicount.com\/es\/wp-json\/wp\/v2\/types\/page"}],"author":[{"embeddable":true,"href":"https:\/\/medicount.com\/es\/wp-json\/wp\/v2\/users\/1"}],"replies":[{"embeddable":true,"href":"https:\/\/medicount.com\/es\/wp-json\/wp\/v2\/comments?post=14"}],"version-history":[{"count":0,"href":"https:\/\/medicount.com\/es\/wp-json\/wp\/v2\/pages\/14\/revisions"}],"wp:attachment":[{"href":"https:\/\/medicount.com\/es\/wp-json\/wp\/v2\/media?parent=14"}],"curies":[{"name":"wp","href":"https:\/\/api.w.org\/{rel}","templated":true}]}}